{"id":138,"date":"2022-01-17T22:18:20","date_gmt":"2022-01-17T22:18:20","guid":{"rendered":"https:\/\/uniondemagistrados.com.ar\/wp\/?page_id=138"},"modified":"2022-01-20T22:52:11","modified_gmt":"2022-01-20T22:52:11","slug":"peritos","status":"publish","type":"page","link":"https:\/\/uniondemagistrados.com.ar\/wp\/peritos\/","title":{"rendered":"Peritos"},"content":{"rendered":"\n<p class=\"has-medium-font-size\">Autoridades<\/p>\n\n\n\n<p><strong>Presidenta: <\/strong>Valeria Garc\u00eda Ariceta (Perito Psic\u00f3loga &#8211; Fuero de Familia &#8211; Administraci\u00f3n de Justicia)<br><strong>Vicepresidenta 1\u00b0:<\/strong> Claudia Sichetti (Perito Psic\u00f3loga &#8211; Asesor\u00eda de Incapaces &#8211; Ministerio P\u00fablico)<br><strong>Vicepresidenta 2\u00b0:<\/strong> Patricia Ares (Perito M\u00e9dica &#8211; Morgue Dptal. &#8211; Ministerio P\u00fablico)<br><strong>Secretaria:<\/strong> Mariana Chiesa (Perito Trabajadora Social &#8211; Sanidad &#8211; Administraci\u00f3n de Justicia)<br><strong>Prosecretaria:<\/strong> Marcela Hours (Perito Trabajadora Social &#8211; Fuero de Familia &#8211; Administraci\u00f3n de Justicia)<\/p>\n\n\n\n<p><strong>Vocales:<\/strong><\/p>\n\n\n\n<ul class=\"wp-block-list\"><li>Jorge Araujo (Perito M\u00e9dico Psiquiatra &#8211; Fuero de Familia &#8211; Administraci\u00f3n de Justicia)<\/li><li>B\u00e1rbara Marcantonio (Perito Psic\u00f3loga &#8211; Gabinete Pericial Defensor\u00eda &#8211; Ministerio P\u00fablico)<\/li><li>Leticia Pedemonte (Perito Psic\u00f3loga &#8211; Fuero de Familia &#8211; Administraci\u00f3n de Justicia)<\/li><\/ul>\n\n\n\n<p><strong>Objetivos:<\/strong><\/p>\n\n\n\n<ul class=\"wp-block-list\"><li>Puesta en marcha de las acciones tendientes a la realizaci\u00f3n de censo de peritos en el Dpto. Judicial (afiliados y no afiliados a la Uni\u00f3n). Presentaci\u00f3n de solicitudes de los datos correspondientes a los Titulares de las Dependencias.<\/li><li>Profundizaci\u00f3n en la articulaci\u00f3n con Comisi\u00f3n de Peritos AJB Lomas y Comisiones de Peritos de otras departamentales.<br>Recopilaci\u00f3n de acuerdos y\/o resoluciones relacionadas con los cargos y funciones periciales. Identificaci\u00f3n de la diversificaci\u00f3n de funciones, tareas, espacios y condiciones laborales que conforman la particularidad pericial departamental.<\/li><li>Determinaci\u00f3n de actividades tem\u00e1ticas, seg\u00fan \u00e1reas de inter\u00e9s.<\/li><li>Econ\u00f3mica (Carrera pericial: categorizaci\u00f3n, reconocimiento del t\u00edtulo, valor de la firma). Historizaci\u00f3n de la categorizaci\u00f3n: hasta el a\u00f1o 1991 los peritos conformaban la categor\u00eda que englobaba a los prosecretarios; pero posteriormente por diferentes decisiones se ha ido disminuyendo la categor\u00eda.<\/li><li>Planteos sobre la formulaci\u00f3n de peticiones de bloqueo parcial (general para la categor\u00eda de peritos) o total (solicitud individual) del t\u00edtulo profesional.<\/li><li>Diferencias entre las carreras profesionales, los colegios correspondientes, las cajas de previsi\u00f3n, etc.<\/li><li>Reconocimiento de la antig\u00fcedad profesional, como requisito de ingreso.<\/li><li>Impuesto a las ganancias.<\/li><li>Disponibilidad laboral.<\/li><li>Puesta en valor de la firma profesional y de la responsabilidad de las conclusiones de los dict\u00e1menes periciales.<\/li><li>Propuesta de incorporaci\u00f3n al haber mensual como apartado especial por los t\u00edtulos posgrados.<\/li><li>Acad\u00e9mica (Organizaci\u00f3n, exposici\u00f3n, asistencia en jornadas de capacitaci\u00f3n, congresos, etc.).<\/li><li>Contemplar licencia laborales por jornadas de capacitaci\u00f3n que aporten conocimientos sobre la labor.<\/li><li>Prensa (Difusi\u00f3n de actividades por distintos medios, conexi\u00f3n intercomisiones, comunicaciones generales).<\/li><\/ul>\n","protected":false},"excerpt":{"rendered":"<p>Autoridades Presidenta: Valeria Garc\u00eda Ariceta (Perito Psic\u00f3loga &#8211; Fuero de Familia &#8211; Administraci\u00f3n de Justicia)Vicepresidenta 1\u00b0: Claudia Sichetti (Perito Psic\u00f3loga &#8211; Asesor\u00eda de Incapaces &#8211; Ministerio P\u00fablico)Vicepresidenta 2\u00b0: Patricia Ares (Perito M\u00e9dica &#8211; Morgue Dptal. &#8211; Ministerio P\u00fablico)Secretaria: Mariana Chiesa (Perito Trabajadora Social &#8211; Sanidad &#8211; Administraci\u00f3n de Justicia)Prosecretaria: Marcela Hours (Perito Trabajadora Social &#8211; [&hellip;]<\/p>\n","protected":false},"author":2,"featured_media":0,"parent":0,"menu_order":0,"comment_status":"closed","ping_status":"closed","template":"","meta":{"_acf_changed":false,"site-sidebar-layout":"default","site-content-layout":"","ast-site-content-layout":"default","site-content-style":"default","site-sidebar-style":"default","ast-global-header-display":"","ast-banner-title-visibility":"","ast-main-header-display":"","ast-hfb-above-header-display":"","ast-hfb-below-header-display":"","ast-hfb-mobile-header-display":"","site-post-title":"","ast-breadcrumbs-content":"","ast-featured-img":"","footer-sml-layout":"","ast-disable-related-posts":"","theme-transparent-header-meta":"","adv-header-id-meta":"","stick-header-meta":"","header-above-stick-meta":"","header-main-stick-meta":"","header-below-stick-meta":"","astra-migrate-meta-layouts":"default","ast-page-background-enabled":"default","ast-page-background-meta":{"desktop":{"background-color":"var(--ast-global-color-4)","background-image":"","background-repeat":"repeat","background-position":"center center","background-size":"auto","background-attachment":"scroll","background-type":"","background-media":"","overlay-type":"","overlay-color":"","overlay-opacity":"","overlay-gradient":""},"tablet":{"background-color":"","background-image":"","background-repeat":"repeat","background-position":"center center","background-size":"auto","background-attachment":"scroll","background-type":"","background-media":"","overlay-type":"","overlay-color":"","overlay-opacity":"","overlay-gradient":""},"mobile":{"background-color":"","background-image":"","background-repeat":"repeat","background-position":"center center","background-size":"auto","background-attachment":"scroll","background-type":"","background-media":"","overlay-type":"","overlay-color":"","overlay-opacity":"","overlay-gradient":""}},"ast-content-background-meta":{"desktop":{"background-color":"var(--ast-global-color-5)","background-image":"","background-repeat":"repeat","background-position":"center center","background-size":"auto","background-attachment":"scroll","background-type":"","background-media":"","overlay-type":"","overlay-color":"","overlay-opacity":"","overlay-gradient":""},"tablet":{"background-color":"var(--ast-global-color-5)","background-image":"","background-repeat":"repeat","background-position":"center center","background-size":"auto","background-attachment":"scroll","background-type":"","background-media":"","overlay-type":"","overlay-color":"","overlay-opacity":"","overlay-gradient":""},"mobile":{"background-color":"var(--ast-global-color-5)","background-image":"","background-repeat":"repeat","background-position":"center center","background-size":"auto","background-attachment":"scroll","background-type":"","background-media":"","overlay-type":"","overlay-color":"","overlay-opacity":"","overlay-gradient":""}},"_joinchat":[],"footnotes":""},"categories":[],"tags":[],"class_list":["post-138","page","type-page","status-publish","hentry"],"acf":[],"wpmagazine_modules_lite_featured_media_urls":{"thumbnail":"","cvmm-medium":"","cvmm-medium-plus":"","cvmm-portrait":"","cvmm-medium-square":"","cvmm-large":"","cvmm-small":"","full":""},"categories_names":null,"comments_number":"0","_links":{"self":[{"href":"https:\/\/uniondemagistrados.com.ar\/wp\/wp-json\/wp\/v2\/pages\/138","targetHints":{"allow":["GET"]}}],"collection":[{"href":"https:\/\/uniondemagistrados.com.ar\/wp\/wp-json\/wp\/v2\/pages"}],"about":[{"href":"https:\/\/uniondemagistrados.com.ar\/wp\/wp-json\/wp\/v2\/types\/page"}],"author":[{"embeddable":true,"href":"https:\/\/uniondemagistrados.com.ar\/wp\/wp-json\/wp\/v2\/users\/2"}],"replies":[{"embeddable":true,"href":"https:\/\/uniondemagistrados.com.ar\/wp\/wp-json\/wp\/v2\/comments?post=138"}],"version-history":[{"count":6,"href":"https:\/\/uniondemagistrados.com.ar\/wp\/wp-json\/wp\/v2\/pages\/138\/revisions"}],"predecessor-version":[{"id":806,"href":"https:\/\/uniondemagistrados.com.ar\/wp\/wp-json\/wp\/v2\/pages\/138\/revisions\/806"}],"wp:attachment":[{"href":"https:\/\/uniondemagistrados.com.ar\/wp\/wp-json\/wp\/v2\/media?parent=138"}],"wp:term":[{"taxonomy":"category","embeddable":true,"href":"https:\/\/uniondemagistrados.com.ar\/wp\/wp-json\/wp\/v2\/categories?post=138"},{"taxonomy":"post_tag","embeddable":true,"href":"https:\/\/uniondemagistrados.com.ar\/wp\/wp-json\/wp\/v2\/tags?post=138"}],"curies":[{"name":"wp","href":"https:\/\/api.w.org\/{rel}","templated":true}]}}