{"id":874,"date":"2022-01-21T01:57:02","date_gmt":"2022-01-21T01:57:02","guid":{"rendered":"https:\/\/uniondemagistrados.com.ar\/wp\/?page_id=874"},"modified":"2022-01-21T02:00:32","modified_gmt":"2022-01-21T02:00:32","slug":"defensa-al-asociado","status":"publish","type":"page","link":"https:\/\/uniondemagistrados.com.ar\/wp\/defensa-al-asociado\/","title":{"rendered":"Defensa al Asociado"},"content":{"rendered":"\n<p>Adhiri\u00e9ndote al convenio y abonando la suma mensual equivalente del 30% del valor del jus \u2013seg\u00fan valor de la unidad arancelaria fijado por la corte, al momento de abonarlo, contrat\u00e1s:<\/p>\n\n\n\n<ul class=\"wp-block-list\"><li>Defensa y representaci\u00f3n jur\u00eddico\/t\u00e9cnica en toda cuesti\u00f3n penal contra el asociado, abonado al servicio, de la Uni\u00f3n de Magistrados y Funcionarios del Departamento Judicial Lomas de Zamora, desde el inicio hasta la conclusi\u00f3n del proceso penal.<\/li><li>Defensa y representaci\u00f3n jur\u00eddico\/t\u00e9cnica en toda actuaci\u00f3n o denuncia iniciada ante el Tribunal de Enjuiciamiento de la Provincia de Buenos Aires contra el asociado, abonado al servicio, de la Uni\u00f3n de Magistrados y Funcionarios del Departamento Judicial Lomas de Zamora, hasta la culminaci\u00f3n definitiva de las actuaciones.<\/li><li>Defensa y representaci\u00f3n jur\u00eddico\/t\u00e9cnica en toda actuaci\u00f3n, sumario o denuncia administrativa ante la Suprema Corte de Justicia de la Provincia de Buenos Aires, Procuraci\u00f3n General de la Provincia de Buenos Aires y\/o superior jer\u00e1rquico del beneficiario, incoada contra el asociado, abonado al servicio, de la Uni\u00f3n de Magistrados y Funcionarios de Lomas de Zamora, hasta la conclusi\u00f3n definitiva de las referidas actuaciones, sumarios o denuncias.<br>El servicio comprender\u00e1 a toda denuncia, demanda y\/o actuaci\u00f3n, que fuera notificada fehacientemente al beneficiario (sin importar la fecha del hecho, denuncia o actuaci\u00f3n), a partir de la entrada en vigencia del presente.<\/li><\/ul>\n\n\n\n<p>A los fines de adherirse al Servicio de contrataci\u00f3n de abogados de <strong>Defensa al Asociado<\/strong>, seg\u00fan Usted pertenezca al estamento de Ministerio P\u00fablico o Administraci\u00f3n de Justicia, deber\u00e1 cliquear en el item correspondiente.<\/p>\n\n\n\n<p>Se encontrar\u00e1 con tres formularios, que deber\u00e1n ser completados y firmados de modo personal y hacerlos llegar a la sede de la UMFLZ.<\/p>\n\n\n\n<p>Los miembros de Ministerio P\u00fablico deber\u00e1n realizar la transferencia, dep\u00f3sito o pago presencial en efectivo en la sede de la UMFLZ.<\/p>\n\n\n\n<p>En caso de dudas, comuniquese a la sede al abonado 4202-9286.<\/p>\n\n\n\n<p><a href=\"http:\/\/www.uniondemagistrados.com.ar\/descargas\/Defensa%20al%20Asociado\/Administracion%20de%20Justicia\/Administracion%20de%20Justicia.zip\">&gt; Administracion de Justicia<\/a><\/p>\n\n\n\n<p><a href=\"http:\/\/www.uniondemagistrados.com.ar\/descargas\/Defensa%20al%20Asociado\/Ministerio%20P%C3%BAblico\/Ministerio%20P%C3%BAblico.zip\">&gt; Ministerio P\u00fablico<\/a><\/p>\n","protected":false},"excerpt":{"rendered":"<p>Adhiri\u00e9ndote al convenio y abonando la suma mensual equivalente del 30% del valor del jus \u2013seg\u00fan valor de la unidad arancelaria fijado por la corte, al momento de abonarlo, contrat\u00e1s: Defensa y representaci\u00f3n jur\u00eddico\/t\u00e9cnica en toda cuesti\u00f3n penal contra el asociado, abonado al servicio, de la Uni\u00f3n de Magistrados y Funcionarios del Departamento Judicial Lomas [&hellip;]<\/p>\n","protected":false},"author":2,"featured_media":0,"parent":0,"menu_order":0,"comment_status":"closed","ping_status":"closed","template":"","meta":{"_acf_changed":false,"site-sidebar-layout":"default","site-content-layout":"","ast-site-content-layout":"default","site-content-style":"default","site-sidebar-style":"default","ast-global-header-display":"","ast-banner-title-visibility":"","ast-main-header-display":"","ast-hfb-above-header-display":"","ast-hfb-below-header-display":"","ast-hfb-mobile-header-display":"","site-post-title":"","ast-breadcrumbs-content":"","ast-featured-img":"","footer-sml-layout":"","ast-disable-related-posts":"","theme-transparent-header-meta":"","adv-header-id-meta":"","stick-header-meta":"","header-above-stick-meta":"","header-main-stick-meta":"","header-below-stick-meta":"","astra-migrate-meta-layouts":"default","ast-page-background-enabled":"default","ast-page-background-meta":{"desktop":{"background-color":"var(--ast-global-color-4)","background-image":"","background-repeat":"repeat","background-position":"center center","background-size":"auto","background-attachment":"scroll","background-type":"","background-media":"","overlay-type":"","overlay-color":"","overlay-opacity":"","overlay-gradient":""},"tablet":{"background-color":"","background-image":"","background-repeat":"repeat","background-position":"center center","background-size":"auto","background-attachment":"scroll","background-type":"","background-media":"","overlay-type":"","overlay-color":"","overlay-opacity":"","overlay-gradient":""},"mobile":{"background-color":"","background-image":"","background-repeat":"repeat","background-position":"center center","background-size":"auto","background-attachment":"scroll","background-type":"","background-media":"","overlay-type":"","overlay-color":"","overlay-opacity":"","overlay-gradient":""}},"ast-content-background-meta":{"desktop":{"background-color":"var(--ast-global-color-5)","background-image":"","background-repeat":"repeat","background-position":"center center","background-size":"auto","background-attachment":"scroll","background-type":"","background-media":"","overlay-type":"","overlay-color":"","overlay-opacity":"","overlay-gradient":""},"tablet":{"background-color":"var(--ast-global-color-5)","background-image":"","background-repeat":"repeat","background-position":"center center","background-size":"auto","background-attachment":"scroll","background-type":"","background-media":"","overlay-type":"","overlay-color":"","overlay-opacity":"","overlay-gradient":""},"mobile":{"background-color":"var(--ast-global-color-5)","background-image":"","background-repeat":"repeat","background-position":"center center","background-size":"auto","background-attachment":"scroll","background-type":"","background-media":"","overlay-type":"","overlay-color":"","overlay-opacity":"","overlay-gradient":""}},"_joinchat":[],"footnotes":""},"categories":[],"tags":[],"class_list":["post-874","page","type-page","status-publish","hentry"],"acf":[],"wpmagazine_modules_lite_featured_media_urls":{"thumbnail":"","cvmm-medium":"","cvmm-medium-plus":"","cvmm-portrait":"","cvmm-medium-square":"","cvmm-large":"","cvmm-small":"","full":""},"categories_names":null,"comments_number":"0","_links":{"self":[{"href":"https:\/\/uniondemagistrados.com.ar\/wp\/wp-json\/wp\/v2\/pages\/874","targetHints":{"allow":["GET"]}}],"collection":[{"href":"https:\/\/uniondemagistrados.com.ar\/wp\/wp-json\/wp\/v2\/pages"}],"about":[{"href":"https:\/\/uniondemagistrados.com.ar\/wp\/wp-json\/wp\/v2\/types\/page"}],"author":[{"embeddable":true,"href":"https:\/\/uniondemagistrados.com.ar\/wp\/wp-json\/wp\/v2\/users\/2"}],"replies":[{"embeddable":true,"href":"https:\/\/uniondemagistrados.com.ar\/wp\/wp-json\/wp\/v2\/comments?post=874"}],"version-history":[{"count":2,"href":"https:\/\/uniondemagistrados.com.ar\/wp\/wp-json\/wp\/v2\/pages\/874\/revisions"}],"predecessor-version":[{"id":877,"href":"https:\/\/uniondemagistrados.com.ar\/wp\/wp-json\/wp\/v2\/pages\/874\/revisions\/877"}],"wp:attachment":[{"href":"https:\/\/uniondemagistrados.com.ar\/wp\/wp-json\/wp\/v2\/media?parent=874"}],"wp:term":[{"taxonomy":"category","embeddable":true,"href":"https:\/\/uniondemagistrados.com.ar\/wp\/wp-json\/wp\/v2\/categories?post=874"},{"taxonomy":"post_tag","embeddable":true,"href":"https:\/\/uniondemagistrados.com.ar\/wp\/wp-json\/wp\/v2\/tags?post=874"}],"curies":[{"name":"wp","href":"https:\/\/api.w.org\/{rel}","templated":true}]}}